{"id":1065,"date":"2024-07-09T16:18:49","date_gmt":"2024-07-09T13:18:49","guid":{"rendered":"https:\/\/gazolcum.com\/?page_id=1065"},"modified":"2025-04-22T17:36:35","modified_gmt":"2025-04-22T14:36:35","slug":"gaz-bilgisi","status":"publish","type":"page","link":"https:\/\/gazolcum.com\/en\/gaz-bilgisi\/","title":{"rendered":"Gas Info"},"content":{"rendered":"<div data-elementor-type=\"wp-page\" data-elementor-id=\"1065\" class=\"elementor elementor-1065\" data-elementor-post-type=\"page\">\n\t\t\t\t<div class=\"elementor-element elementor-element-a591922 e-flex e-con-boxed e-con e-parent\" data-id=\"a591922\" data-element_type=\"container\">\n\t\t\t\t\t<div class=\"e-con-inner\">\n\t\t<div class=\"elementor-element elementor-element-08aef02 e-con-full e-flex e-con e-child\" data-id=\"08aef02\" data-element_type=\"container\">\n\t\t\t\t<div class=\"elementor-element elementor-element-2a3c603 elementor-widget elementor-widget-heading\" data-id=\"2a3c603\" data-element_type=\"widget\" data-widget_type=\"heading.default\">\n\t\t\t\t<div class=\"elementor-widget-container\">\n\t\t\t\t\t<h2 class=\"elementor-heading-title elementor-size-default\">Gaz K\u00fct\u00fcphanesi<\/h2>\t\t\t\t<\/div>\n\t\t\t\t<\/div>\n\t\t\t\t<div class=\"elementor-element elementor-element-313de69 elementor-widget elementor-widget-text-editor\" data-id=\"313de69\" data-element_type=\"widget\" data-widget_type=\"text-editor.default\">\n\t\t\t\t<div class=\"elementor-widget-container\">\n\t\t\t\t\t\t\t\t\t<div class=\"gtx-body\">WatchGas dedekt\u00f6rleriyle tespit edilebilen 1000&#8217;den fazla gaz\u0131n bir \u00f6rne\u011fi olarak, a\u015fa\u011f\u0131da en \u00e7ok tespit edilen gazlardan baz\u0131lar\u0131n\u0131 s\u0131ralad\u0131k.<\/div>\t\t\t\t\t\t\t\t<\/div>\n\t\t\t\t<\/div>\n\t\t\t\t<\/div>\n\t\t<div class=\"elementor-element elementor-element-3007b13 e-con-full e-flex e-con e-child\" data-id=\"3007b13\" data-element_type=\"container\">\n\t\t\t\t<\/div>\n\t\t\t\t\t<\/div>\n\t\t\t\t<\/div>\n\t\t<div class=\"elementor-element elementor-element-4444795 e-flex e-con-boxed e-con e-parent\" data-id=\"4444795\" data-element_type=\"container\">\n\t\t\t\t\t<div class=\"e-con-inner\">\n\t\t\t\t\t<\/div>\n\t\t\t\t<\/div>\n\t\t<div class=\"elementor-element elementor-element-8673ba6 e-flex e-con-boxed e-con e-parent\" data-id=\"8673ba6\" data-element_type=\"container\">\n\t\t\t\t\t<div class=\"e-con-inner\">\n\t\t<div class=\"elementor-element elementor-element-1561581 e-con-full e-flex e-con e-child\" data-id=\"1561581\" data-element_type=\"container\">\n\t\t\t\t<div class=\"elementor-element elementor-element-af86ae8 elementor-widget elementor-widget-heading\" data-id=\"af86ae8\" data-element_type=\"widget\" data-widget_type=\"heading.default\">\n\t\t\t\t<div class=\"elementor-widget-container\">\n\t\t\t\t\t<h2 class=\"elementor-heading-title elementor-size-default\">A<\/h2>\t\t\t\t<\/div>\n\t\t\t\t<\/div>\n\t\t\t\t<div class=\"elementor-element elementor-element-c91881e elementor-widget elementor-widget-text-editor\" data-id=\"c91881e\" data-element_type=\"widget\" data-widget_type=\"text-editor.default\">\n\t\t\t\t<div class=\"elementor-widget-container\">\n\t\t\t\t\t\t\t\t\t<p><a href=\"https:\/\/gazolcum.com\/en\/asetilen-c2h2\/\">Asetilen (C2H2)<\/a><\/p><p><a href=\"https:\/\/gazolcum.com\/en\/akrilonitril-c3h3n\/\">Akrilonitril (C3H3N)<\/a><\/p><p><a href=\"https:\/\/gazolcum.com\/en\/amonyak-nh3\/\">Ammonia (NH3)<\/a><\/p><p><a href=\"https:\/\/gazolcum.com\/en\/arsin-ash3\/\">Arsin (AsH3)<\/a><\/p><p><a href=\"https:\/\/gazolcum.com\/en\/azot-dioksit-no2\/\">Azot Dioksit (NO2)<\/a><\/p><p><a href=\"https:\/\/gazolcum.com\/en\/azot-oksit-n2o\/\">Azot Oksit (NO)<\/a><\/p>\t\t\t\t\t\t\t\t<\/div>\n\t\t\t\t<\/div>\n\t\t\t\t<\/div>\n\t\t<div class=\"elementor-element elementor-element-0447412 e-con-full e-flex e-con e-child\" data-id=\"0447412\" data-element_type=\"container\">\n\t\t\t\t<div class=\"elementor-element elementor-element-7e00999 elementor-widget elementor-widget-heading\" data-id=\"7e00999\" data-element_type=\"widget\" data-widget_type=\"heading.default\">\n\t\t\t\t<div class=\"elementor-widget-container\">\n\t\t\t\t\t<h2 class=\"elementor-heading-title elementor-size-default\">B<\/h2>\t\t\t\t<\/div>\n\t\t\t\t<\/div>\n\t\t\t\t<div class=\"elementor-element elementor-element-a763dad elementor-widget elementor-widget-text-editor\" data-id=\"a763dad\" data-element_type=\"widget\" data-widget_type=\"text-editor.default\">\n\t\t\t\t<div class=\"elementor-widget-container\">\n\t\t\t\t\t\t\t\t\t<p><a href=\"https:\/\/gazolcum.com\/en\/benzen-c6h6\/\"><span style=\"text-align: var(--text-align); background-color: var(--enfold-main-color-bg);\">Benzen (C6H6)<\/span><\/a><\/p><p><a href=\"https:\/\/gazolcum.com\/en\/brom-br2\/\">Brom (Br2)<\/a><\/p><p><a href=\"https:\/\/gazolcum.com\/en\/butan-c4h10\/\">B\u00fctan (C4H10)<\/a><\/p>\t\t\t\t\t\t\t\t<\/div>\n\t\t\t\t<\/div>\n\t\t\t\t<\/div>\n\t\t<div class=\"elementor-element elementor-element-a14d76f e-con-full e-flex e-con e-child\" data-id=\"a14d76f\" data-element_type=\"container\">\n\t\t\t\t<div class=\"elementor-element elementor-element-39a1d7c elementor-widget elementor-widget-heading\" data-id=\"39a1d7c\" data-element_type=\"widget\" data-widget_type=\"heading.default\">\n\t\t\t\t<div class=\"elementor-widget-container\">\n\t\t\t\t\t<h2 class=\"elementor-heading-title elementor-size-default\">D<\/h2>\t\t\t\t<\/div>\n\t\t\t\t<\/div>\n\t\t\t\t<div class=\"elementor-element elementor-element-6c90d85 elementor-widget elementor-widget-text-editor\" data-id=\"6c90d85\" data-element_type=\"widget\" data-widget_type=\"text-editor.default\">\n\t\t\t\t<div class=\"elementor-widget-container\">\n\t\t\t\t\t\t\t\t\t<p><a href=\"https:\/\/gazolcum.com\/en\/diboran-b2h6\/\">Diboran (B2H6)<\/a><\/p><p><a href=\"https:\/\/gazolcum.com\/en\/?p=1646&amp;preview=true\">Diklorometan (DCM) (CH2Cl2)<\/a><\/p>\t\t\t\t\t\t\t\t<\/div>\n\t\t\t\t<\/div>\n\t\t\t\t<\/div>\n\t\t<div class=\"elementor-element elementor-element-9edfef4 e-con-full e-flex e-con e-child\" data-id=\"9edfef4\" data-element_type=\"container\">\n\t\t\t\t<div class=\"elementor-element elementor-element-b88097e elementor-widget elementor-widget-heading\" data-id=\"b88097e\" data-element_type=\"widget\" data-widget_type=\"heading.default\">\n\t\t\t\t<div class=\"elementor-widget-container\">\n\t\t\t\t\t<h2 class=\"elementor-heading-title elementor-size-default\">E<\/h2>\t\t\t\t<\/div>\n\t\t\t\t<\/div>\n\t\t\t\t<div class=\"elementor-element elementor-element-bc463a7 elementor-widget elementor-widget-text-editor\" data-id=\"bc463a7\" data-element_type=\"widget\" data-widget_type=\"text-editor.default\">\n\t\t\t\t<div class=\"elementor-widget-container\">\n\t\t\t\t\t\t\t\t\t<p><a href=\"https:\/\/gazolcum.com\/en\/epiklorohidrin-c3h5clo\/\">Epiklorohidrin (C3H5ClO)<\/a><\/p><p><a href=\"https:\/\/gazolcum.com\/en\/etanol-c2h6o\/\">Etanol (C2H6O)<\/a><\/p><p><a href=\"https:\/\/gazolcum.com\/en\/etilen-c2h4\/\">Etilen (C2H4)<\/a><\/p><p><a href=\"https:\/\/gazolcum.com\/en\/etilen-oksit-c2h4o\/\">Etilen Oksit (C2H4O)<\/a><\/p><p><a href=\"https:\/\/gazolcum.com\/en\/etil-merkaptan-c2h6s\/\">Etil Merkaptan (C2H6S)<\/a><\/p>\t\t\t\t\t\t\t\t<\/div>\n\t\t\t\t<\/div>\n\t\t\t\t<\/div>\n\t\t\t\t\t<\/div>\n\t\t\t\t<\/div>\n\t\t<div class=\"elementor-element elementor-element-d02f96a e-flex e-con-boxed e-con e-parent\" data-id=\"d02f96a\" data-element_type=\"container\">\n\t\t\t\t\t<div class=\"e-con-inner\">\n\t\t<div class=\"elementor-element elementor-element-460b9cc e-con-full e-flex e-con e-child\" data-id=\"460b9cc\" data-element_type=\"container\">\n\t\t\t\t<div class=\"elementor-element elementor-element-1bf067c elementor-widget elementor-widget-heading\" data-id=\"1bf067c\" data-element_type=\"widget\" data-widget_type=\"heading.default\">\n\t\t\t\t<div class=\"elementor-widget-container\">\n\t\t\t\t\t<h2 class=\"elementor-heading-title elementor-size-default\">F<\/h2>\t\t\t\t<\/div>\n\t\t\t\t<\/div>\n\t\t\t\t<div class=\"elementor-element elementor-element-65b1820 elementor-widget elementor-widget-text-editor\" data-id=\"65b1820\" data-element_type=\"widget\" data-widget_type=\"text-editor.default\">\n\t\t\t\t<div class=\"elementor-widget-container\">\n\t\t\t\t\t\t\t\t\t<p><a href=\"https:\/\/gazolcum.com\/en\/flor-f2\/\">Flor (F2)<\/a><\/p><p><a href=\"https:\/\/gazolcum.com\/en\/formaldehit-ch2o\/\">Formaldehit (CH2O)<\/a><\/p><p><a href=\"https:\/\/gazolcum.com\/en\/fosgen-cocl2\/\">Fosgen (COCl2)<\/a><\/p><p><a href=\"https:\/\/gazolcum.com\/en\/fosfin-ph3\/\">Fosfin (PH3)<\/a><\/p>\t\t\t\t\t\t\t\t<\/div>\n\t\t\t\t<\/div>\n\t\t\t\t<\/div>\n\t\t<div class=\"elementor-element elementor-element-bed2176 e-con-full e-flex e-con e-child\" data-id=\"bed2176\" data-element_type=\"container\">\n\t\t\t\t<div class=\"elementor-element elementor-element-3ff3da0 elementor-widget elementor-widget-heading\" data-id=\"3ff3da0\" data-element_type=\"widget\" data-widget_type=\"heading.default\">\n\t\t\t\t<div class=\"elementor-widget-container\">\n\t\t\t\t\t<h2 class=\"elementor-heading-title elementor-size-default\">H<\/h2>\t\t\t\t<\/div>\n\t\t\t\t<\/div>\n\t\t\t\t<div class=\"elementor-element elementor-element-b0b0dd7 elementor-widget elementor-widget-text-editor\" data-id=\"b0b0dd7\" data-element_type=\"widget\" data-widget_type=\"text-editor.default\">\n\t\t\t\t<div class=\"elementor-widget-container\">\n\t\t\t\t\t\t\t\t\t<p><a href=\"https:\/\/gazolcum.com\/en\/hidrazin-n2h4\/\">Hidrazin (N2H4)<\/a><\/p><p><a href=\"https:\/\/gazolcum.com\/en\/hidrojen-h2\/\">Hidrojen (H2)<\/a><\/p><p><a href=\"https:\/\/gazolcum.com\/en\/hidrojen-bromur-hbr\/\">Hidrojen Brom\u00fcr (HBr)<\/a><\/p><p><a href=\"https:\/\/gazolcum.com\/en\/hidrojen-klorur-hcl\/\">Hidrojen Klor\u00fcr (HCl)<\/a><\/p><p><a href=\"https:\/\/gazolcum.com\/en\/hidrojen-siyanur-hcn\/\">Hidrojen Siyan\u00fcr (HCN)<\/a><\/p><p><a href=\"https:\/\/gazolcum.com\/en\/hidrojen-florur-hf\/\">Hidrojen Flor\u00fcr (HF)<\/a><\/p><p><a href=\"https:\/\/gazolcum.com\/en\/hidrojen-peroksit-h2o2-2\/\">Hidrojen Peroksit (H2O2)<\/a><\/p><p><a href=\"https:\/\/gazolcum.com\/en\/hidrojen-sulfur-h2s\/\">Hidrojen S\u00fclf\u00fcr (H2S)<\/a><\/p>\t\t\t\t\t\t\t\t<\/div>\n\t\t\t\t<\/div>\n\t\t\t\t<\/div>\n\t\t<div class=\"elementor-element elementor-element-e20fc5a e-con-full e-flex e-con e-child\" data-id=\"e20fc5a\" data-element_type=\"container\">\n\t\t\t\t<div class=\"elementor-element elementor-element-ec5560d elementor-widget elementor-widget-heading\" data-id=\"ec5560d\" data-element_type=\"widget\" data-widget_type=\"heading.default\">\n\t\t\t\t<div class=\"elementor-widget-container\">\n\t\t\t\t\t<h2 class=\"elementor-heading-title elementor-size-default\">I<\/h2>\t\t\t\t<\/div>\n\t\t\t\t<\/div>\n\t\t\t\t<div class=\"elementor-element elementor-element-061c169 elementor-widget elementor-widget-text-editor\" data-id=\"061c169\" data-element_type=\"widget\" data-widget_type=\"text-editor.default\">\n\t\t\t\t<div class=\"elementor-widget-container\">\n\t\t\t\t\t\t\t\t\t<p><a href=\"https:\/\/gazolcum.com\/en\/izobutilen-c4h8\/\">\u0130zob\u00fctilen (C4H8)<\/a><\/p>\t\t\t\t\t\t\t\t<\/div>\n\t\t\t\t<\/div>\n\t\t\t\t<\/div>\n\t\t<div class=\"elementor-element elementor-element-4a01f68 e-con-full e-flex e-con e-child\" data-id=\"4a01f68\" data-element_type=\"container\">\n\t\t\t\t<div class=\"elementor-element elementor-element-076ba14 elementor-widget elementor-widget-heading\" data-id=\"076ba14\" data-element_type=\"widget\" data-widget_type=\"heading.default\">\n\t\t\t\t<div class=\"elementor-widget-container\">\n\t\t\t\t\t<h2 class=\"elementor-heading-title elementor-size-default\">K<\/h2>\t\t\t\t<\/div>\n\t\t\t\t<\/div>\n\t\t\t\t<div class=\"elementor-element elementor-element-0357bf3 elementor-widget elementor-widget-text-editor\" data-id=\"0357bf3\" data-element_type=\"widget\" data-widget_type=\"text-editor.default\">\n\t\t\t\t<div class=\"elementor-widget-container\">\n\t\t\t\t\t\t\t\t\t<p><a href=\"https:\/\/gazolcum.com\/en\/karbondioksit-co2\/\">Karbondioksit (CO2)<\/a><\/p><p><a href=\"https:\/\/gazolcum.com\/en\/karbon-monoksit-co\/\">Karbon Monoksit (CO)<\/a><\/p><p><a href=\"https:\/\/gazolcum.com\/en\/klor-cl2\/\">Chlorine (Cl2)<\/a><\/p><p><a href=\"https:\/\/gazolcum.com\/en\/klor-dioksit-clo2\/\">Klor Dioksit (ClO2)<\/a><\/p><p><a href=\"https:\/\/gazolcum.com\/en\/kloropikrin-ccl%e2%82%83no%e2%82%82\/\">Kloropikrin (CCl\u2083NO\u2082)<\/a><\/p><p><a href=\"https:\/\/gazolcum.com\/en\/kukurt-dioksit-so2\/\">K\u00fck\u00fcrt Dioksit (SO2)<\/a><\/p><p><a href=\"https:\/\/gazolcum.com\/en\/ksilen-c8h10\/\">Ksilen (C8H10)<\/a><\/p>\t\t\t\t\t\t\t\t<\/div>\n\t\t\t\t<\/div>\n\t\t\t\t<\/div>\n\t\t\t\t\t<\/div>\n\t\t\t\t<\/div>\n\t\t<div class=\"elementor-element elementor-element-626e316 e-flex e-con-boxed e-con e-parent\" data-id=\"626e316\" data-element_type=\"container\">\n\t\t\t\t\t<div class=\"e-con-inner\">\n\t\t<div class=\"elementor-element elementor-element-1445fb3 e-con-full e-flex e-con e-child\" data-id=\"1445fb3\" data-element_type=\"container\">\n\t\t\t\t<div class=\"elementor-element elementor-element-685bab6 elementor-widget elementor-widget-heading\" data-id=\"685bab6\" data-element_type=\"widget\" data-widget_type=\"heading.default\">\n\t\t\t\t<div class=\"elementor-widget-container\">\n\t\t\t\t\t<h2 class=\"elementor-heading-title elementor-size-default\">M<\/h2>\t\t\t\t<\/div>\n\t\t\t\t<\/div>\n\t\t\t\t<div class=\"elementor-element elementor-element-f531a4e elementor-widget elementor-widget-text-editor\" data-id=\"f531a4e\" data-element_type=\"widget\" data-widget_type=\"text-editor.default\">\n\t\t\t\t<div class=\"elementor-widget-container\">\n\t\t\t\t\t\t\t\t\t<p><a href=\"https:\/\/gazolcum.com\/en\/metan-ch4\/\">Metan (CH4)<\/a><\/p><p><a href=\"https:\/\/gazolcum.com\/en\/metanol-ch%e2%82%84o\/\">Metanol (CH\u2084O)<\/a><\/p><p><a href=\"https:\/\/gazolcum.com\/en\/metil-klorur-ch3cl\/\">Metil Klor\u00fcr (CH3Cl)<\/a><\/p><p><a href=\"https:\/\/gazolcum.com\/en\/metil-merkaptan-ch4s\/\">Metil merkaptan (CH4S)<\/a><\/p>\t\t\t\t\t\t\t\t<\/div>\n\t\t\t\t<\/div>\n\t\t\t\t<\/div>\n\t\t<div class=\"elementor-element elementor-element-19101c1 e-con-full e-flex e-con e-child\" data-id=\"19101c1\" data-element_type=\"container\">\n\t\t\t\t<div class=\"elementor-element elementor-element-800f62b elementor-widget elementor-widget-heading\" data-id=\"800f62b\" data-element_type=\"widget\" data-widget_type=\"heading.default\">\n\t\t\t\t<div class=\"elementor-widget-container\">\n\t\t\t\t\t<h2 class=\"elementor-heading-title elementor-size-default\">N<\/h2>\t\t\t\t<\/div>\n\t\t\t\t<\/div>\n\t\t\t\t<div class=\"elementor-element elementor-element-6707d5f elementor-widget elementor-widget-text-editor\" data-id=\"6707d5f\" data-element_type=\"widget\" data-widget_type=\"text-editor.default\">\n\t\t\t\t<div class=\"elementor-widget-container\">\n\t\t\t\t\t\t\t\t\t<p><a href=\"https:\/\/gazolcum.com\/en\/nitroz-oksit-n2o\/\">Nitr\u00f6z Oksit (N2O)<\/a><\/p>\t\t\t\t\t\t\t\t<\/div>\n\t\t\t\t<\/div>\n\t\t\t\t<\/div>\n\t\t<div class=\"elementor-element elementor-element-f5a86e2 e-con-full e-flex e-con e-child\" data-id=\"f5a86e2\" data-element_type=\"container\">\n\t\t\t\t<div class=\"elementor-element elementor-element-d15c9e8 elementor-widget elementor-widget-heading\" data-id=\"d15c9e8\" data-element_type=\"widget\" data-widget_type=\"heading.default\">\n\t\t\t\t<div class=\"elementor-widget-container\">\n\t\t\t\t\t<h2 class=\"elementor-heading-title elementor-size-default\">O<\/h2>\t\t\t\t<\/div>\n\t\t\t\t<\/div>\n\t\t\t\t<div class=\"elementor-element elementor-element-4f874cd elementor-widget elementor-widget-text-editor\" data-id=\"4f874cd\" data-element_type=\"widget\" data-widget_type=\"text-editor.default\">\n\t\t\t\t<div class=\"elementor-widget-container\">\n\t\t\t\t\t\t\t\t\t<p><a href=\"https:\/\/gazolcum.com\/en\/oksijen-o2\/\">Oksijen (O2)<\/a><\/p><p><a href=\"https:\/\/gazolcum.com\/en\/ozon-o3\/\">Ozon (O3)<\/a><\/p>\t\t\t\t\t\t\t\t<\/div>\n\t\t\t\t<\/div>\n\t\t\t\t<\/div>\n\t\t<div class=\"elementor-element elementor-element-26cb7d7 e-con-full e-flex e-con e-child\" data-id=\"26cb7d7\" data-element_type=\"container\">\n\t\t\t\t<div class=\"elementor-element elementor-element-2699669 elementor-widget elementor-widget-heading\" data-id=\"2699669\" data-element_type=\"widget\" data-widget_type=\"heading.default\">\n\t\t\t\t<div class=\"elementor-widget-container\">\n\t\t\t\t\t<h2 class=\"elementor-heading-title elementor-size-default\">P<\/h2>\t\t\t\t<\/div>\n\t\t\t\t<\/div>\n\t\t\t\t<div class=\"elementor-element elementor-element-8ec6471 elementor-widget elementor-widget-text-editor\" data-id=\"8ec6471\" data-element_type=\"widget\" data-widget_type=\"text-editor.default\">\n\t\t\t\t<div class=\"elementor-widget-container\">\n\t\t\t\t\t\t\t\t\t<p><a href=\"https:\/\/gazolcum.com\/en\/pentan-c5h12\/\">Pentan (C5H12)<\/a><\/p><p><a href=\"https:\/\/gazolcum.com\/en\/propan-c3h8\/\">Propan (C3H8)<\/a><\/p><p><a href=\"https:\/\/gazolcum.com\/en\/propilen-oksit-c3h6o\/\">Propilen Oksit (C3H6O)<\/a><\/p>\t\t\t\t\t\t\t\t<\/div>\n\t\t\t\t<\/div>\n\t\t\t\t<\/div>\n\t\t\t\t\t<\/div>\n\t\t\t\t<\/div>\n\t\t<div class=\"elementor-element elementor-element-c402917 e-flex e-con-boxed e-con e-parent\" data-id=\"c402917\" data-element_type=\"container\">\n\t\t\t\t\t<div class=\"e-con-inner\">\n\t\t<div class=\"elementor-element elementor-element-6d86618 e-con-full e-flex e-con e-child\" data-id=\"6d86618\" data-element_type=\"container\">\n\t\t\t\t<div class=\"elementor-element elementor-element-bc9958b elementor-widget elementor-widget-heading\" data-id=\"bc9958b\" data-element_type=\"widget\" data-widget_type=\"heading.default\">\n\t\t\t\t<div class=\"elementor-widget-container\">\n\t\t\t\t\t<h2 class=\"elementor-heading-title elementor-size-default\">S<\/h2>\t\t\t\t<\/div>\n\t\t\t\t<\/div>\n\t\t\t\t<div class=\"elementor-element elementor-element-cada843 elementor-widget elementor-widget-text-editor\" data-id=\"cada843\" data-element_type=\"widget\" data-widget_type=\"text-editor.default\">\n\t\t\t\t<div class=\"elementor-widget-container\">\n\t\t\t\t\t\t\t\t\t<p><a href=\"https:\/\/gazolcum.com\/en\/silan-sih4\/\">Silan (SiH4)<\/a><\/p><p><a href=\"https:\/\/gazolcum.com\/en\/stiren-c8h8\/\">Stiren (C8H8)<\/a><\/p>\t\t\t\t\t\t\t\t<\/div>\n\t\t\t\t<\/div>\n\t\t\t\t<\/div>\n\t\t<div class=\"elementor-element elementor-element-52a4c1d e-con-full e-flex e-con e-child\" data-id=\"52a4c1d\" data-element_type=\"container\">\n\t\t\t\t<div class=\"elementor-element elementor-element-6e05c3a elementor-widget elementor-widget-heading\" data-id=\"6e05c3a\" data-element_type=\"widget\" data-widget_type=\"heading.default\">\n\t\t\t\t<div class=\"elementor-widget-container\">\n\t\t\t\t\t<h2 class=\"elementor-heading-title elementor-size-default\">T<\/h2>\t\t\t\t<\/div>\n\t\t\t\t<\/div>\n\t\t\t\t<div class=\"elementor-element elementor-element-45b782f elementor-widget elementor-widget-text-editor\" data-id=\"45b782f\" data-element_type=\"widget\" data-widget_type=\"text-editor.default\">\n\t\t\t\t<div class=\"elementor-widget-container\">\n\t\t\t\t\t\t\t\t\t<p><a href=\"https:\/\/gazolcum.com\/en\/tetrakloroetilen-c2h2cl4\/\">Tetrakloroetilen (C2H2Cl4)<\/a><\/p><p><a href=\"https:\/\/gazolcum.com\/en\/trikloroetilen-c2hcl3\/\">Trikloroetilen (C2HCl3)<\/a><\/p><p><a href=\"https:\/\/gazolcum.com\/en\/tht-tetrahidrotiyofen-c4h8s\/\">THT \u2013 Tetrahidrotiyofen (C4H8S)<\/a><\/p><p><a href=\"https:\/\/gazolcum.com\/en\/toluen-c7h8-2\/\">Toluen (C7H8)<\/a><\/p>\t\t\t\t\t\t\t\t<\/div>\n\t\t\t\t<\/div>\n\t\t\t\t<\/div>\n\t\t<div class=\"elementor-element elementor-element-a51ca71 e-con-full e-flex e-con e-child\" data-id=\"a51ca71\" data-element_type=\"container\">\n\t\t\t\t<div class=\"elementor-element elementor-element-88c248d elementor-widget elementor-widget-heading\" data-id=\"88c248d\" data-element_type=\"widget\" data-widget_type=\"heading.default\">\n\t\t\t\t<div class=\"elementor-widget-container\">\n\t\t\t\t\t<h2 class=\"elementor-heading-title elementor-size-default\">v<\/h2>\t\t\t\t<\/div>\n\t\t\t\t<\/div>\n\t\t\t\t<div class=\"elementor-element elementor-element-588adee elementor-widget elementor-widget-text-editor\" data-id=\"588adee\" data-element_type=\"widget\" data-widget_type=\"text-editor.default\">\n\t\t\t\t<div class=\"elementor-widget-container\">\n\t\t\t\t\t\t\t\t\t<p><a href=\"https:\/\/gazolcum.com\/en\/vinil-klorur-c2h3cl\/\">Vinil Klor\u00fcr (C2H3Cl)<\/a><\/p>\t\t\t\t\t\t\t\t<\/div>\n\t\t\t\t<\/div>\n\t\t\t\t<\/div>\n\t\t\t\t\t<\/div>\n\t\t\t\t<\/div>\n\t\t\t\t<\/div>","protected":false},"excerpt":{"rendered":"<p>Gaz K\u00fct\u00fcphanesi WatchGas dedekt\u00f6rleriyle tespit edilebilen 1000&#8217;den fazla gaz\u0131n bir \u00f6rne\u011fi olarak, a\u015fa\u011f\u0131da en \u00e7ok tespit edilen gazlardan baz\u0131lar\u0131n\u0131 s\u0131ralad\u0131k. A Asetilen (C2H2) Akrilonitril (C3H3N) Amonyak (NH3) Arsin (AsH3) Azot Dioksit (NO2) Azot Oksit (NO) B Benzen (C6H6) Brom (Br2) B\u00fctan (C4H10) D Diboran (B2H6) Diklorometan (DCM) (CH2Cl2) E Epiklorohidrin (C3H5ClO) Etanol (C2H6O) Etilen (C2H4) [&hellip;]<\/p>","protected":false},"author":1,"featured_media":0,"parent":0,"menu_order":0,"comment_status":"closed","ping_status":"closed","template":"","meta":{"footnotes":""},"class_list":["post-1065","page","type-page","status-publish","hentry"],"_links":{"self":[{"href":"https:\/\/gazolcum.com\/en\/wp-json\/wp\/v2\/pages\/1065","targetHints":{"allow":["GET"]}}],"collection":[{"href":"https:\/\/gazolcum.com\/en\/wp-json\/wp\/v2\/pages"}],"about":[{"href":"https:\/\/gazolcum.com\/en\/wp-json\/wp\/v2\/types\/page"}],"author":[{"embeddable":true,"href":"https:\/\/gazolcum.com\/en\/wp-json\/wp\/v2\/users\/1"}],"replies":[{"embeddable":true,"href":"https:\/\/gazolcum.com\/en\/wp-json\/wp\/v2\/comments?post=1065"}],"version-history":[{"count":33,"href":"https:\/\/gazolcum.com\/en\/wp-json\/wp\/v2\/pages\/1065\/revisions"}],"predecessor-version":[{"id":1701,"href":"https:\/\/gazolcum.com\/en\/wp-json\/wp\/v2\/pages\/1065\/revisions\/1701"}],"wp:attachment":[{"href":"https:\/\/gazolcum.com\/en\/wp-json\/wp\/v2\/media?parent=1065"}],"curies":[{"name":"wp","href":"https:\/\/api.w.org\/{rel}","templated":true}]}}